{"id":226,"date":"2021-07-15T15:31:38","date_gmt":"2021-07-15T15:31:38","guid":{"rendered":"https:\/\/wordpress-1406636-5228436.cloudwaysapps.com\/?page_id=226"},"modified":"2025-03-25T11:37:31","modified_gmt":"2025-03-25T11:37:31","slug":"agricultura","status":"publish","type":"page","link":"https:\/\/eisberg-romania.ro\/?page_id=226","title":{"rendered":"Agricultur\u0103"},"content":{"rendered":"<p>Agricultura este arta \u0219i \u0219tiin\u021ba cultiv\u0103rii solului, cultivarea culturilor \u0219i cre\u0219terea animalelor. Acesta include preg\u0103tirea produselor vegetale \u0219i animale pentru a fi utilizate de c\u0103tre oameni \u0219i distribuirea acestora pe pie\u021be.<\/p>\n<p><a href=\"\/agricultura-industriala\">Agricultura<\/a> furnizeaz\u0103 majoritatea alimentelor \u0219i \u021bes\u0103turilor din lume. Bumbacul, l\u00e2na \u0219i pielea sunt toate produse agricole. Agricultura furnizeaz\u0103, de asemenea, lemn pentru construc\u021bii \u0219i produse din h\u00e2rtie.<\/p>\n<p>Aceste produse, precum \u0219i metodele agricole utilizate, pot varia de la o parte a lumii la alta.<\/p>\n<h2>\u00cenceputul agriculturii<\/h2>\n<p>De-a lungul secolelor, cre\u0219terea agriculturii a contribuit la apari\u021bia civiliza\u021biilor.<\/p>\n<p>\u00cenainte ca agricultura s\u0103 se r\u0103sp\u00e2ndeasc\u0103, oamenii \u00ee\u0219i petreceau cea mai mare parte a vie\u021bii c\u0103ut\u00e2nd hran\u0103 &#8211; v\u00e2n\u00e2nd animale s\u0103lbatice \u0219i str\u00e2ng\u00e2nd plante s\u0103lbatice. Cu aproximativ 11.500 de ani \u00een urm\u0103, oamenii au \u00eenv\u0103\u021bat treptat cum s\u0103 cultive cereale \u0219i r\u0103d\u0103cini \u0219i s-au stabilit la o via\u021b\u0103 bazat\u0103 pe agricultur\u0103.<\/p>\n<p>\u00cen urm\u0103 cu 2.000 de ani, o mare parte din popula\u021bia P\u0103m\u00e2ntului devenise dependent\u0103 de agricultur\u0103. Savan\u021bii nu sunt siguri de ce a avut loc aceast\u0103 trecere la agricultur\u0103, dar poate c\u0103 s-a produs din cauza schimb\u0103rilor climatice.<\/p>\n<p>C\u00e2nd oamenii au \u00eenceput s\u0103 cultive culturi, au \u00eenceput, de asemenea, s\u0103 p\u0103storeasc\u0103 \u0219i s\u0103 reproduc\u0103 animale s\u0103lbatice. Adaptarea plantelor \u0219i animalelor s\u0103lbatice pentru a fi utilizate de oameni se nume\u0219te domesticire.<\/p>\n<p>Prima plant\u0103 domesticit\u0103 a fost probabil orezul sau porumbul. Fermierii chinezi cultivau orez \u00eenc\u0103 din 7500 \u00ee.Hr.<\/p>\n<p>Primele animale domesticite au fost c\u00e2inii, care erau folosi\u021bi la v\u00e2n\u0103toare. Oile \u0219i caprele au fost probabil domesticite \u00een continuare. Oamenii au domesticit \u0219i bovine \u0219i porci. Majoritatea acestor animale au fost odat\u0103 v\u00e2nate dup\u0103 piei \u0219i carne. Acum multe dintre ele sunt, de asemenea, surse de lapte, br\u00e2nz\u0103 \u0219i unt. \u00cen cele din urm\u0103, oamenii au folosit animale domesticite, cum ar fi boii, pentru arat, tr\u0103g\u00e2nd \u0219i transport\u00e2nd.<\/p>\n<p>Agricultura le-a permis oamenilor s\u0103 produc\u0103 surplus de alimente. Ace\u0219tia ar putea folosi acest aliment suplimentar atunci c\u00e2nd culturile e\u0219ueaz\u0103 sau \u00eel pot schimba cu alte bunuri. Excedentele alimentare au permis oamenilor s\u0103 lucreze la alte sarcini care nu au leg\u0103tur\u0103 cu <a href=\"\/revolutia-verde\">agricultura<\/a>.<\/p>\n<p>Agricultura a \u021binut oamenii fo\u0219ti nomazi l\u00e2ng\u0103 c\u00e2mpurile lor \u0219i a dus la dezvoltarea unor sate permanente. Acestea au devenit legate prin comer\u021b. Noile economii au avut at\u00e2t de mult succes \u00een unele zone, \u00eenc\u00e2t ora\u0219ele au crescut \u0219i s-au dezvoltat civiliza\u021biile. Cele mai vechi civiliza\u021bii bazate pe agricultur\u0103 intensiv\u0103 au ap\u0103rut l\u00e2ng\u0103 r\u00e2urile Tigru \u0219i Eufrat \u00een Mesopotamia (acum Irak \u0219i Iran) \u0219i de-a lungul r\u00e2ului Nil \u00een Egipt.<\/p>\n<h2>Ma\u0219ini<\/h2>\n<p>O perioad\u0103 de dezvoltare agricol\u0103 important\u0103 a \u00eenceput la \u00eenceputul anilor 1700 pentru Marea Britanie \u0219i \u021b\u0103rile joase (Belgia, Luxemburg \u0219i \u021a\u0103rile de Jos, care se afl\u0103 sub nivelul m\u0103rii). Noile inven\u021bii agricole au crescut dramatic produc\u021bia de alimente \u00een Europa \u0219i \u00een coloniile europene, \u00een special \u00een Statele Unite \u0219i Canada.<\/p>\n<p>Una dintre cele mai importante dintre aceste evolu\u021bii a fost o sem\u0103n\u0103toare \u00eembun\u0103t\u0103\u021bit\u0103 tras\u0103 de cai inventat\u0103 de Jethro Tull \u00een Anglia. P\u00e2n\u0103 \u00een acel moment, fermierii sem\u0103nau semin\u021be cu m\u00e2na. Burghiul lui Tull a f\u0103cut r\u00e2nduri de g\u0103uri pentru semin\u021be. P\u00e2n\u0103 la sf\u00e2r\u0219itul secolului al XVIII-lea, forarea semin\u021belor era practicat\u0103 pe scar\u0103 larg\u0103 \u00een Europa.<\/p>\n","protected":false},"excerpt":{"rendered":"<p>Agricultura este arta \u0219i \u0219tiin\u021ba cultiv\u0103rii solului, cultivarea culturilor \u0219i cre\u0219terea animalelor. Acesta include preg\u0103tirea produselor vegetale \u0219i animale pentru a fi utilizate de c\u0103tre oameni \u0219i distribuirea [&hellip;]<\/p>\n","protected":false},"author":3,"featured_media":239,"parent":0,"menu_order":0,"comment_status":"closed","ping_status":"closed","template":"","meta":{"footnotes":""},"class_list":["post-226","page","type-page","status-publish","has-post-thumbnail","hentry"],"yoast_head":"<!-- This site is optimized with the Yoast SEO plugin v27.5 - https:\/\/yoast.com\/product\/yoast-seo-wordpress\/ -->\n<title>Agricultur\u0103 - Eisberg Romania<\/title>\n<meta name=\"robots\" content=\"index, follow, max-snippet:-1, max-image-preview:large, max-video-preview:-1\" \/>\n<link rel=\"canonical\" href=\"https:\/\/eisberg-romania.ro\/?page_id=226\" \/>\n<meta property=\"og:locale\" content=\"ro_RO\" \/>\n<meta property=\"og:type\" content=\"article\" \/>\n<meta property=\"og:title\" content=\"Agricultur\u0103 - Eisberg Romania\" \/>\n<meta property=\"og:description\" content=\"Agricultura este arta \u0219i \u0219tiin\u021ba cultiv\u0103rii solului, cultivarea culturilor \u0219i cre\u0219terea animalelor. Acesta include preg\u0103tirea produselor vegetale \u0219i animale pentru a fi utilizate de c\u0103tre oameni \u0219i distribuirea [&hellip;]\" \/>\n<meta property=\"og:url\" content=\"https:\/\/eisberg-romania.ro\/?page_id=226\" \/>\n<meta property=\"og:site_name\" content=\"Eisberg Romania\" \/>\n<meta property=\"article:modified_time\" content=\"2025-03-25T11:37:31+00:00\" \/>\n<meta property=\"og:image\" content=\"https:\/\/eisberg-romania.ro\/wp-content\/uploads\/2021\/07\/markus-spiske-ZKNsVqbRSPE-unsplash-scaled-1.jpg\" \/>\n\t<meta property=\"og:image:width\" content=\"2560\" \/>\n\t<meta property=\"og:image:height\" content=\"1707\" \/>\n\t<meta property=\"og:image:type\" content=\"image\/jpeg\" \/>\n<meta name=\"twitter:card\" content=\"summary_large_image\" \/>\n<meta name=\"twitter:label1\" content=\"Timp estimat pentru citire\" \/>\n\t<meta name=\"twitter:data1\" content=\"3 minute\" \/>\n<script type=\"application\/ld+json\" class=\"yoast-schema-graph\">{\"@context\":\"https:\\\/\\\/schema.org\",\"@graph\":[{\"@type\":\"WebPage\",\"@id\":\"https:\\\/\\\/eisberg-romania.ro\\\/?page_id=226\",\"url\":\"https:\\\/\\\/eisberg-romania.ro\\\/?page_id=226\",\"name\":\"Agricultur\u0103 - Eisberg Romania\",\"isPartOf\":{\"@id\":\"https:\\\/\\\/eisberg-romania.ro\\\/#website\"},\"primaryImageOfPage\":{\"@id\":\"https:\\\/\\\/eisberg-romania.ro\\\/?page_id=226#primaryimage\"},\"image\":{\"@id\":\"https:\\\/\\\/eisberg-romania.ro\\\/?page_id=226#primaryimage\"},\"thumbnailUrl\":\"https:\\\/\\\/eisberg-romania.ro\\\/wp-content\\\/uploads\\\/2021\\\/07\\\/markus-spiske-ZKNsVqbRSPE-unsplash-scaled-1.jpg\",\"datePublished\":\"2021-07-15T15:31:38+00:00\",\"dateModified\":\"2025-03-25T11:37:31+00:00\",\"breadcrumb\":{\"@id\":\"https:\\\/\\\/eisberg-romania.ro\\\/?page_id=226#breadcrumb\"},\"inLanguage\":\"ro-RO\",\"potentialAction\":[{\"@type\":\"ReadAction\",\"target\":[\"https:\\\/\\\/eisberg-romania.ro\\\/?page_id=226\"]}]},{\"@type\":\"ImageObject\",\"inLanguage\":\"ro-RO\",\"@id\":\"https:\\\/\\\/eisberg-romania.ro\\\/?page_id=226#primaryimage\",\"url\":\"https:\\\/\\\/eisberg-romania.ro\\\/wp-content\\\/uploads\\\/2021\\\/07\\\/markus-spiske-ZKNsVqbRSPE-unsplash-scaled-1.jpg\",\"contentUrl\":\"https:\\\/\\\/eisberg-romania.ro\\\/wp-content\\\/uploads\\\/2021\\\/07\\\/markus-spiske-ZKNsVqbRSPE-unsplash-scaled-1.jpg\",\"width\":2560,\"height\":1707,\"caption\":\"eisberg-romania\"},{\"@type\":\"BreadcrumbList\",\"@id\":\"https:\\\/\\\/eisberg-romania.ro\\\/?page_id=226#breadcrumb\",\"itemListElement\":[{\"@type\":\"ListItem\",\"position\":1,\"name\":\"Home\",\"item\":\"https:\\\/\\\/eisberg-romania.ro\\\/\"},{\"@type\":\"ListItem\",\"position\":2,\"name\":\"Agricultur\u0103\"}]},{\"@type\":\"WebSite\",\"@id\":\"https:\\\/\\\/eisberg-romania.ro\\\/#website\",\"url\":\"https:\\\/\\\/eisberg-romania.ro\\\/\",\"name\":\"Eisberg Romania\",\"description\":\"Sfaturi pentru agricultura organic\u0103 \u0219i s\u0103n\u0103toas\u0103\",\"publisher\":{\"@id\":\"https:\\\/\\\/eisberg-romania.ro\\\/#organization\"},\"potentialAction\":[{\"@type\":\"SearchAction\",\"target\":{\"@type\":\"EntryPoint\",\"urlTemplate\":\"https:\\\/\\\/eisberg-romania.ro\\\/?s={search_term_string}\"},\"query-input\":{\"@type\":\"PropertyValueSpecification\",\"valueRequired\":true,\"valueName\":\"search_term_string\"}}],\"inLanguage\":\"ro-RO\"},{\"@type\":\"Organization\",\"@id\":\"https:\\\/\\\/eisberg-romania.ro\\\/#organization\",\"name\":\"Eisberg Romania\",\"url\":\"https:\\\/\\\/eisberg-romania.ro\\\/\",\"logo\":{\"@type\":\"ImageObject\",\"inLanguage\":\"ro-RO\",\"@id\":\"https:\\\/\\\/eisberg-romania.ro\\\/#\\\/schema\\\/logo\\\/image\\\/\",\"url\":\"https:\\\/\\\/eisberg-romania.ro\\\/wp-content\\\/uploads\\\/2025\\\/02\\\/cropped-eisberg-logo.png\",\"contentUrl\":\"https:\\\/\\\/eisberg-romania.ro\\\/wp-content\\\/uploads\\\/2025\\\/02\\\/cropped-eisberg-logo.png\",\"width\":200,\"height\":72,\"caption\":\"Eisberg Romania\"},\"image\":{\"@id\":\"https:\\\/\\\/eisberg-romania.ro\\\/#\\\/schema\\\/logo\\\/image\\\/\"}}]}<\/script>\n<!-- \/ Yoast SEO plugin. -->","yoast_head_json":{"title":"Agricultur\u0103 - Eisberg Romania","robots":{"index":"index","follow":"follow","max-snippet":"max-snippet:-1","max-image-preview":"max-image-preview:large","max-video-preview":"max-video-preview:-1"},"canonical":"https:\/\/eisberg-romania.ro\/?page_id=226","og_locale":"ro_RO","og_type":"article","og_title":"Agricultur\u0103 - Eisberg Romania","og_description":"Agricultura este arta \u0219i \u0219tiin\u021ba cultiv\u0103rii solului, cultivarea culturilor \u0219i cre\u0219terea animalelor. Acesta include preg\u0103tirea produselor vegetale \u0219i animale pentru a fi utilizate de c\u0103tre oameni \u0219i distribuirea [&hellip;]","og_url":"https:\/\/eisberg-romania.ro\/?page_id=226","og_site_name":"Eisberg Romania","article_modified_time":"2025-03-25T11:37:31+00:00","og_image":[{"width":2560,"height":1707,"url":"https:\/\/eisberg-romania.ro\/wp-content\/uploads\/2021\/07\/markus-spiske-ZKNsVqbRSPE-unsplash-scaled-1.jpg","type":"image\/jpeg"}],"twitter_card":"summary_large_image","twitter_misc":{"Timp estimat pentru citire":"3 minute"},"schema":{"@context":"https:\/\/schema.org","@graph":[{"@type":"WebPage","@id":"https:\/\/eisberg-romania.ro\/?page_id=226","url":"https:\/\/eisberg-romania.ro\/?page_id=226","name":"Agricultur\u0103 - Eisberg Romania","isPartOf":{"@id":"https:\/\/eisberg-romania.ro\/#website"},"primaryImageOfPage":{"@id":"https:\/\/eisberg-romania.ro\/?page_id=226#primaryimage"},"image":{"@id":"https:\/\/eisberg-romania.ro\/?page_id=226#primaryimage"},"thumbnailUrl":"https:\/\/eisberg-romania.ro\/wp-content\/uploads\/2021\/07\/markus-spiske-ZKNsVqbRSPE-unsplash-scaled-1.jpg","datePublished":"2021-07-15T15:31:38+00:00","dateModified":"2025-03-25T11:37:31+00:00","breadcrumb":{"@id":"https:\/\/eisberg-romania.ro\/?page_id=226#breadcrumb"},"inLanguage":"ro-RO","potentialAction":[{"@type":"ReadAction","target":["https:\/\/eisberg-romania.ro\/?page_id=226"]}]},{"@type":"ImageObject","inLanguage":"ro-RO","@id":"https:\/\/eisberg-romania.ro\/?page_id=226#primaryimage","url":"https:\/\/eisberg-romania.ro\/wp-content\/uploads\/2021\/07\/markus-spiske-ZKNsVqbRSPE-unsplash-scaled-1.jpg","contentUrl":"https:\/\/eisberg-romania.ro\/wp-content\/uploads\/2021\/07\/markus-spiske-ZKNsVqbRSPE-unsplash-scaled-1.jpg","width":2560,"height":1707,"caption":"eisberg-romania"},{"@type":"BreadcrumbList","@id":"https:\/\/eisberg-romania.ro\/?page_id=226#breadcrumb","itemListElement":[{"@type":"ListItem","position":1,"name":"Home","item":"https:\/\/eisberg-romania.ro\/"},{"@type":"ListItem","position":2,"name":"Agricultur\u0103"}]},{"@type":"WebSite","@id":"https:\/\/eisberg-romania.ro\/#website","url":"https:\/\/eisberg-romania.ro\/","name":"Eisberg Romania","description":"Sfaturi pentru agricultura organic\u0103 \u0219i s\u0103n\u0103toas\u0103","publisher":{"@id":"https:\/\/eisberg-romania.ro\/#organization"},"potentialAction":[{"@type":"SearchAction","target":{"@type":"EntryPoint","urlTemplate":"https:\/\/eisberg-romania.ro\/?s={search_term_string}"},"query-input":{"@type":"PropertyValueSpecification","valueRequired":true,"valueName":"search_term_string"}}],"inLanguage":"ro-RO"},{"@type":"Organization","@id":"https:\/\/eisberg-romania.ro\/#organization","name":"Eisberg Romania","url":"https:\/\/eisberg-romania.ro\/","logo":{"@type":"ImageObject","inLanguage":"ro-RO","@id":"https:\/\/eisberg-romania.ro\/#\/schema\/logo\/image\/","url":"https:\/\/eisberg-romania.ro\/wp-content\/uploads\/2025\/02\/cropped-eisberg-logo.png","contentUrl":"https:\/\/eisberg-romania.ro\/wp-content\/uploads\/2025\/02\/cropped-eisberg-logo.png","width":200,"height":72,"caption":"Eisberg Romania"},"image":{"@id":"https:\/\/eisberg-romania.ro\/#\/schema\/logo\/image\/"}}]}},"_links":{"self":[{"href":"https:\/\/eisberg-romania.ro\/index.php?rest_route=\/wp\/v2\/pages\/226","targetHints":{"allow":["GET"]}}],"collection":[{"href":"https:\/\/eisberg-romania.ro\/index.php?rest_route=\/wp\/v2\/pages"}],"about":[{"href":"https:\/\/eisberg-romania.ro\/index.php?rest_route=\/wp\/v2\/types\/page"}],"author":[{"embeddable":true,"href":"https:\/\/eisberg-romania.ro\/index.php?rest_route=\/wp\/v2\/users\/3"}],"replies":[{"embeddable":true,"href":"https:\/\/eisberg-romania.ro\/index.php?rest_route=%2Fwp%2Fv2%2Fcomments&post=226"}],"version-history":[{"count":1,"href":"https:\/\/eisberg-romania.ro\/index.php?rest_route=\/wp\/v2\/pages\/226\/revisions"}],"predecessor-version":[{"id":313,"href":"https:\/\/eisberg-romania.ro\/index.php?rest_route=\/wp\/v2\/pages\/226\/revisions\/313"}],"wp:featuredmedia":[{"embeddable":true,"href":"https:\/\/eisberg-romania.ro\/index.php?rest_route=\/wp\/v2\/media\/239"}],"wp:attachment":[{"href":"https:\/\/eisberg-romania.ro\/index.php?rest_route=%2Fwp%2Fv2%2Fmedia&parent=226"}],"curies":[{"name":"wp","href":"https:\/\/api.w.org\/{rel}","templated":true}]}}