{"id":229,"date":"2021-07-15T15:31:27","date_gmt":"2021-07-15T15:31:27","guid":{"rendered":"https:\/\/wordpress-1406636-5228436.cloudwaysapps.com\/?page_id=229"},"modified":"2025-03-25T11:37:31","modified_gmt":"2025-03-25T11:37:31","slug":"agricultura-industriala","status":"publish","type":"page","link":"https:\/\/eisberg-romania.ro\/?page_id=229","title":{"rendered":"Agricultur\u0103 industrial\u0103"},"content":{"rendered":"<h2>Agricultur\u0103 industrial\u0103<\/h2>\n<p>\u00cen modulul 5, am aflat despre importan\u021ba <a href=\"\/revolutia-verde\">agriculturii<\/a> timpurii pentru dezvoltarea mondial\u0103. Pe scurt, agricultura timpurie a permis mai multor oameni s\u0103 tr\u0103iasc\u0103, s\u0103 tr\u0103iasc\u0103 cu o s\u0103n\u0103tate mai bun\u0103 \u0219i s\u0103 se angajeze \u00een alte activit\u0103\u021bi dec\u00e2t supravie\u021buirea de baz\u0103. Aceste alte activit\u0103\u021bi ne-au adus nu mai pu\u021bin dec\u00e2t civiliza\u021bia \u00eens\u0103\u0219i. De\u0219i poate exista o civiliza\u021bie f\u0103r\u0103 agricultur\u0103, nu ar putea fi aproape la fel de mult ca \u0219i ast\u0103zi.<\/p>\n<p>Acum, vom \u00eenv\u0103\u021ba despre agricultura industrial\u0103 modern\u0103, ale c\u0103rei impacturi au fost la fel de importante pentru umanitate. Agricultura industrial\u0103 a crescut substan\u021bial productivitatea agricol\u0103 global\u0103, duc\u00e2nd la mult mai mult\u0103 hran\u0103 pentru o popula\u021bie uman\u0103 \u00een cre\u0219tere. <a href=\"\/agricultura\">Agricultura<\/a> industrial\u0103 a avut, de asemenea, un impact asupra societ\u0103\u021bii umane \u00eentr-o varietate de alte moduri \u0219i a avut un impact major asupra mediului, dintre care multe sunt d\u0103un\u0103toare. Agricultura industrial\u0103 este, a\u0219adar, un subiect important, dar complex, care merit\u0103 luat \u00een considerare \u00een detaliu.<\/p>\n<h2>Procesul Haber-Bosch pentru \u00eengr\u0103\u0219\u0103m\u00e2ntul cu azot<\/h2>\n<p>S\u0103 \u00eencepem examin\u00e2nd unul dintre procesele industriale de baz\u0103 utilizate \u00een agricultura modern\u0103: procesul Haber-Bosch pentru sintetizarea amoniacului (NH3). Amoniacul este folosit ca \u00eengr\u0103\u0219\u0103m\u00e2nt pentru a pune azot \u00een solurile plantelor. Azotul din sol este necesar pentru majoritatea culturilor noastre principale de baz\u0103, \u00een special pentru gr\u00e2u \u0219i porumb. Procesul Haber-Bosch, dezvoltat la \u00eenceputul anilor 1900, este deci crucial pentru toat\u0103 agricultura industrial\u0103, fie \u00een \u021b\u0103rile bogate, fie \u00een cele s\u0103race.<\/p>\n<h2>Consumul de energie<\/h2>\n<p>Chimia procesului Haber-Bosch necesit\u0103 presiune \u0219i <a href=\"\/agricultura\">temperatur\u0103<\/a> ridicate, care la r\u00e2ndul lor necesit\u0103 mult\u0103 energie. Av\u00e2nd \u00een vedere acest lucru \u0219i scara larg\u0103 a produc\u021biei globale de \u00eengr\u0103\u0219\u0103minte cu azot, procesul folose\u0219te aproximativ 1% din consumul total de energie la nivel mondial. Cea mai mare parte a acestei energii provine din combustibili fosili. Aprovizionarea cu combustibili fosili este limitat\u0103, iar orice sistem dependent de acestea este nedurabil. Dac\u0103 agricultura umanit\u0103\u021bii r\u0103m\u00e2ne dependent\u0103 de procesul Haber-Bosch \u0219i de combustibilii fosili, atunci, \u00een cele din urm\u0103, s-ar putea s\u0103 ne str\u0103duim s\u0103 ne hr\u0103nim.<\/p>\n<h2>Flori de alge<\/h2>\n<p>O floare de alge este o concentra\u021bie mare de alge g\u0103site at\u00e2t \u00een \u200b\u200bapele interioare, c\u00e2t \u0219i \u00een apele oceanice din \u00eentreaga lume. Cum sunt legate florile de alge de \u00eengr\u0103\u0219\u0103m\u00e2ntul cu azot? \u00cen primul r\u00e2nd, azotul trebuie s\u0103 ajung\u0103 de la ferm\u0103 la ap\u0103. C\u00e2nd se aplic\u0103 \u00eengr\u0103\u0219\u0103m\u00e2ntul, o mare parte din azot nu este preluat\u0103 de plante. Restul de \u00eengr\u0103\u0219\u0103m\u00e2nt se spal\u0103. \u00cen cele din urm\u0103, acest \u00eengr\u0103\u0219\u0103m\u00e2nt \u00ee\u0219i g\u0103se\u0219te drumul \u00een iazuri \u0219i lacuri sau \u00een r\u00e2uri care \u00eel transport\u0103 \u00een oceane \u0219i m\u0103ri. Azotul se acumuleaz\u0103 apoi \u00een aceste ape. \u00cen al doilea r\u00e2nd, azotul trebuie s\u0103 provoace cre\u0219terea algelor. Acest lucru se \u00eent\u00e2mpl\u0103 deoarece azotul este adesea un factor limitativ \u00een cre\u0219terea algelor. Cu alte cuvinte, algele se confrunt\u0103 adesea cu o lips\u0103 de azot astfel \u00eenc\u00e2t, dac\u0103 ar avea mai mult azot, atunci ar fi disponibili to\u021bi ceilal\u021bi factori necesari pentru cre\u0219terea algelor \u0219i ar cre\u0219te mai multe alge. C\u00e2nd acesta este cazul \u0219i c\u00e2nd se introduce azot nou din scurgerea de la ferme, atunci vor cre\u0219te mai multe alge. Vedem c\u0103 acest lucru se \u00eent\u00e2mpl\u0103 destul de des \u00een \u00eentreaga lume. Urm\u0103toarea imagine a algelor din lacul Erie este doar un exemplu.<\/p>\n","protected":false},"excerpt":{"rendered":"<p>Agricultur\u0103 industrial\u0103 \u00cen modulul 5, am aflat despre importan\u021ba agriculturii timpurii pentru dezvoltarea mondial\u0103. Pe scurt, agricultura timpurie a permis mai multor oameni s\u0103 tr\u0103iasc\u0103, s\u0103 tr\u0103iasc\u0103 cu [&hellip;]<\/p>\n","protected":false},"author":3,"featured_media":237,"parent":0,"menu_order":0,"comment_status":"closed","ping_status":"closed","template":"","meta":{"footnotes":""},"class_list":["post-229","page","type-page","status-publish","has-post-thumbnail","hentry"],"yoast_head":"<!-- This site is optimized with the Yoast SEO plugin v27.5 - https:\/\/yoast.com\/product\/yoast-seo-wordpress\/ -->\n<title>Agricultur\u0103 industrial\u0103 - Eisberg Romania<\/title>\n<meta name=\"robots\" content=\"index, follow, max-snippet:-1, max-image-preview:large, max-video-preview:-1\" \/>\n<link rel=\"canonical\" href=\"https:\/\/eisberg-romania.ro\/?page_id=229\" \/>\n<meta property=\"og:locale\" content=\"ro_RO\" \/>\n<meta property=\"og:type\" content=\"article\" \/>\n<meta property=\"og:title\" content=\"Agricultur\u0103 industrial\u0103 - Eisberg Romania\" \/>\n<meta property=\"og:description\" content=\"Agricultur\u0103 industrial\u0103 \u00cen modulul 5, am aflat despre importan\u021ba agriculturii timpurii pentru dezvoltarea mondial\u0103. Pe scurt, agricultura timpurie a permis mai multor oameni s\u0103 tr\u0103iasc\u0103, s\u0103 tr\u0103iasc\u0103 cu [&hellip;]\" \/>\n<meta property=\"og:url\" content=\"https:\/\/eisberg-romania.ro\/?page_id=229\" \/>\n<meta property=\"og:site_name\" content=\"Eisberg Romania\" \/>\n<meta property=\"article:modified_time\" content=\"2025-03-25T11:37:31+00:00\" \/>\n<meta property=\"og:image\" content=\"https:\/\/eisberg-romania.ro\/wp-content\/uploads\/2021\/07\/tim-mossholder-S3gNA0HQZo8-unsplash-scaled-1.jpg\" \/>\n\t<meta property=\"og:image:width\" content=\"2560\" \/>\n\t<meta property=\"og:image:height\" content=\"1707\" \/>\n\t<meta property=\"og:image:type\" content=\"image\/jpeg\" \/>\n<meta name=\"twitter:card\" content=\"summary_large_image\" \/>\n<meta name=\"twitter:label1\" content=\"Timp estimat pentru citire\" \/>\n\t<meta name=\"twitter:data1\" content=\"3 minute\" \/>\n<script type=\"application\/ld+json\" class=\"yoast-schema-graph\">{\"@context\":\"https:\\\/\\\/schema.org\",\"@graph\":[{\"@type\":\"WebPage\",\"@id\":\"https:\\\/\\\/eisberg-romania.ro\\\/?page_id=229\",\"url\":\"https:\\\/\\\/eisberg-romania.ro\\\/?page_id=229\",\"name\":\"Agricultur\u0103 industrial\u0103 - Eisberg Romania\",\"isPartOf\":{\"@id\":\"https:\\\/\\\/eisberg-romania.ro\\\/#website\"},\"primaryImageOfPage\":{\"@id\":\"https:\\\/\\\/eisberg-romania.ro\\\/?page_id=229#primaryimage\"},\"image\":{\"@id\":\"https:\\\/\\\/eisberg-romania.ro\\\/?page_id=229#primaryimage\"},\"thumbnailUrl\":\"https:\\\/\\\/eisberg-romania.ro\\\/wp-content\\\/uploads\\\/2021\\\/07\\\/tim-mossholder-S3gNA0HQZo8-unsplash-scaled-1.jpg\",\"datePublished\":\"2021-07-15T15:31:27+00:00\",\"dateModified\":\"2025-03-25T11:37:31+00:00\",\"breadcrumb\":{\"@id\":\"https:\\\/\\\/eisberg-romania.ro\\\/?page_id=229#breadcrumb\"},\"inLanguage\":\"ro-RO\",\"potentialAction\":[{\"@type\":\"ReadAction\",\"target\":[\"https:\\\/\\\/eisberg-romania.ro\\\/?page_id=229\"]}]},{\"@type\":\"ImageObject\",\"inLanguage\":\"ro-RO\",\"@id\":\"https:\\\/\\\/eisberg-romania.ro\\\/?page_id=229#primaryimage\",\"url\":\"https:\\\/\\\/eisberg-romania.ro\\\/wp-content\\\/uploads\\\/2021\\\/07\\\/tim-mossholder-S3gNA0HQZo8-unsplash-scaled-1.jpg\",\"contentUrl\":\"https:\\\/\\\/eisberg-romania.ro\\\/wp-content\\\/uploads\\\/2021\\\/07\\\/tim-mossholder-S3gNA0HQZo8-unsplash-scaled-1.jpg\",\"width\":2560,\"height\":1707,\"caption\":\"eisberg-romania\"},{\"@type\":\"BreadcrumbList\",\"@id\":\"https:\\\/\\\/eisberg-romania.ro\\\/?page_id=229#breadcrumb\",\"itemListElement\":[{\"@type\":\"ListItem\",\"position\":1,\"name\":\"Home\",\"item\":\"https:\\\/\\\/eisberg-romania.ro\\\/\"},{\"@type\":\"ListItem\",\"position\":2,\"name\":\"Agricultur\u0103 industrial\u0103\"}]},{\"@type\":\"WebSite\",\"@id\":\"https:\\\/\\\/eisberg-romania.ro\\\/#website\",\"url\":\"https:\\\/\\\/eisberg-romania.ro\\\/\",\"name\":\"Eisberg Romania\",\"description\":\"Sfaturi pentru agricultura organic\u0103 \u0219i s\u0103n\u0103toas\u0103\",\"publisher\":{\"@id\":\"https:\\\/\\\/eisberg-romania.ro\\\/#organization\"},\"potentialAction\":[{\"@type\":\"SearchAction\",\"target\":{\"@type\":\"EntryPoint\",\"urlTemplate\":\"https:\\\/\\\/eisberg-romania.ro\\\/?s={search_term_string}\"},\"query-input\":{\"@type\":\"PropertyValueSpecification\",\"valueRequired\":true,\"valueName\":\"search_term_string\"}}],\"inLanguage\":\"ro-RO\"},{\"@type\":\"Organization\",\"@id\":\"https:\\\/\\\/eisberg-romania.ro\\\/#organization\",\"name\":\"Eisberg Romania\",\"url\":\"https:\\\/\\\/eisberg-romania.ro\\\/\",\"logo\":{\"@type\":\"ImageObject\",\"inLanguage\":\"ro-RO\",\"@id\":\"https:\\\/\\\/eisberg-romania.ro\\\/#\\\/schema\\\/logo\\\/image\\\/\",\"url\":\"https:\\\/\\\/eisberg-romania.ro\\\/wp-content\\\/uploads\\\/2025\\\/02\\\/cropped-eisberg-logo.png\",\"contentUrl\":\"https:\\\/\\\/eisberg-romania.ro\\\/wp-content\\\/uploads\\\/2025\\\/02\\\/cropped-eisberg-logo.png\",\"width\":200,\"height\":72,\"caption\":\"Eisberg Romania\"},\"image\":{\"@id\":\"https:\\\/\\\/eisberg-romania.ro\\\/#\\\/schema\\\/logo\\\/image\\\/\"}}]}<\/script>\n<!-- \/ Yoast SEO plugin. -->","yoast_head_json":{"title":"Agricultur\u0103 industrial\u0103 - Eisberg Romania","robots":{"index":"index","follow":"follow","max-snippet":"max-snippet:-1","max-image-preview":"max-image-preview:large","max-video-preview":"max-video-preview:-1"},"canonical":"https:\/\/eisberg-romania.ro\/?page_id=229","og_locale":"ro_RO","og_type":"article","og_title":"Agricultur\u0103 industrial\u0103 - Eisberg Romania","og_description":"Agricultur\u0103 industrial\u0103 \u00cen modulul 5, am aflat despre importan\u021ba agriculturii timpurii pentru dezvoltarea mondial\u0103. Pe scurt, agricultura timpurie a permis mai multor oameni s\u0103 tr\u0103iasc\u0103, s\u0103 tr\u0103iasc\u0103 cu [&hellip;]","og_url":"https:\/\/eisberg-romania.ro\/?page_id=229","og_site_name":"Eisberg Romania","article_modified_time":"2025-03-25T11:37:31+00:00","og_image":[{"width":2560,"height":1707,"url":"https:\/\/eisberg-romania.ro\/wp-content\/uploads\/2021\/07\/tim-mossholder-S3gNA0HQZo8-unsplash-scaled-1.jpg","type":"image\/jpeg"}],"twitter_card":"summary_large_image","twitter_misc":{"Timp estimat pentru citire":"3 minute"},"schema":{"@context":"https:\/\/schema.org","@graph":[{"@type":"WebPage","@id":"https:\/\/eisberg-romania.ro\/?page_id=229","url":"https:\/\/eisberg-romania.ro\/?page_id=229","name":"Agricultur\u0103 industrial\u0103 - Eisberg Romania","isPartOf":{"@id":"https:\/\/eisberg-romania.ro\/#website"},"primaryImageOfPage":{"@id":"https:\/\/eisberg-romania.ro\/?page_id=229#primaryimage"},"image":{"@id":"https:\/\/eisberg-romania.ro\/?page_id=229#primaryimage"},"thumbnailUrl":"https:\/\/eisberg-romania.ro\/wp-content\/uploads\/2021\/07\/tim-mossholder-S3gNA0HQZo8-unsplash-scaled-1.jpg","datePublished":"2021-07-15T15:31:27+00:00","dateModified":"2025-03-25T11:37:31+00:00","breadcrumb":{"@id":"https:\/\/eisberg-romania.ro\/?page_id=229#breadcrumb"},"inLanguage":"ro-RO","potentialAction":[{"@type":"ReadAction","target":["https:\/\/eisberg-romania.ro\/?page_id=229"]}]},{"@type":"ImageObject","inLanguage":"ro-RO","@id":"https:\/\/eisberg-romania.ro\/?page_id=229#primaryimage","url":"https:\/\/eisberg-romania.ro\/wp-content\/uploads\/2021\/07\/tim-mossholder-S3gNA0HQZo8-unsplash-scaled-1.jpg","contentUrl":"https:\/\/eisberg-romania.ro\/wp-content\/uploads\/2021\/07\/tim-mossholder-S3gNA0HQZo8-unsplash-scaled-1.jpg","width":2560,"height":1707,"caption":"eisberg-romania"},{"@type":"BreadcrumbList","@id":"https:\/\/eisberg-romania.ro\/?page_id=229#breadcrumb","itemListElement":[{"@type":"ListItem","position":1,"name":"Home","item":"https:\/\/eisberg-romania.ro\/"},{"@type":"ListItem","position":2,"name":"Agricultur\u0103 industrial\u0103"}]},{"@type":"WebSite","@id":"https:\/\/eisberg-romania.ro\/#website","url":"https:\/\/eisberg-romania.ro\/","name":"Eisberg Romania","description":"Sfaturi pentru agricultura organic\u0103 \u0219i s\u0103n\u0103toas\u0103","publisher":{"@id":"https:\/\/eisberg-romania.ro\/#organization"},"potentialAction":[{"@type":"SearchAction","target":{"@type":"EntryPoint","urlTemplate":"https:\/\/eisberg-romania.ro\/?s={search_term_string}"},"query-input":{"@type":"PropertyValueSpecification","valueRequired":true,"valueName":"search_term_string"}}],"inLanguage":"ro-RO"},{"@type":"Organization","@id":"https:\/\/eisberg-romania.ro\/#organization","name":"Eisberg Romania","url":"https:\/\/eisberg-romania.ro\/","logo":{"@type":"ImageObject","inLanguage":"ro-RO","@id":"https:\/\/eisberg-romania.ro\/#\/schema\/logo\/image\/","url":"https:\/\/eisberg-romania.ro\/wp-content\/uploads\/2025\/02\/cropped-eisberg-logo.png","contentUrl":"https:\/\/eisberg-romania.ro\/wp-content\/uploads\/2025\/02\/cropped-eisberg-logo.png","width":200,"height":72,"caption":"Eisberg Romania"},"image":{"@id":"https:\/\/eisberg-romania.ro\/#\/schema\/logo\/image\/"}}]}},"_links":{"self":[{"href":"https:\/\/eisberg-romania.ro\/index.php?rest_route=\/wp\/v2\/pages\/229","targetHints":{"allow":["GET"]}}],"collection":[{"href":"https:\/\/eisberg-romania.ro\/index.php?rest_route=\/wp\/v2\/pages"}],"about":[{"href":"https:\/\/eisberg-romania.ro\/index.php?rest_route=\/wp\/v2\/types\/page"}],"author":[{"embeddable":true,"href":"https:\/\/eisberg-romania.ro\/index.php?rest_route=\/wp\/v2\/users\/3"}],"replies":[{"embeddable":true,"href":"https:\/\/eisberg-romania.ro\/index.php?rest_route=%2Fwp%2Fv2%2Fcomments&post=229"}],"version-history":[{"count":1,"href":"https:\/\/eisberg-romania.ro\/index.php?rest_route=\/wp\/v2\/pages\/229\/revisions"}],"predecessor-version":[{"id":314,"href":"https:\/\/eisberg-romania.ro\/index.php?rest_route=\/wp\/v2\/pages\/229\/revisions\/314"}],"wp:featuredmedia":[{"embeddable":true,"href":"https:\/\/eisberg-romania.ro\/index.php?rest_route=\/wp\/v2\/media\/237"}],"wp:attachment":[{"href":"https:\/\/eisberg-romania.ro\/index.php?rest_route=%2Fwp%2Fv2%2Fmedia&parent=229"}],"curies":[{"name":"wp","href":"https:\/\/api.w.org\/{rel}","templated":true}]}}