{"id":230,"date":"2021-07-15T15:31:57","date_gmt":"2021-07-15T15:31:57","guid":{"rendered":"https:\/\/wordpress-1406636-5228436.cloudwaysapps.com\/?page_id=230"},"modified":"2025-03-25T11:37:31","modified_gmt":"2025-03-25T11:37:31","slug":"revolutia-verde","status":"publish","type":"page","link":"https:\/\/eisberg-romania.ro\/?page_id=230","title":{"rendered":"Revolu\u021bia verde"},"content":{"rendered":"<p>P\u00e2n\u0103 \u00een prezent, ne-am concentrat pe laturile biologice \u0219i ecologice ale agriculturii industrializate. Acum, s\u0103 ne uit\u0103m la latura social\u0103 lu\u00e2nd \u00een considerare o parte important\u0103 a acesteia: Revolu\u021bia Verde. Revolu\u021bia verde a avut loc \u00een principal \u00een secolul al XX-lea, dar \u00eentr-o oarecare m\u0103sur\u0103 continu\u0103 p\u00e2n\u0103 \u00een prezent.<\/p>\n<p>Esen\u021ba Revolu\u021biei Verzi a fost s\u0103 aduc\u0103 <a href=\"\/agricultura\">agricultura<\/a> industrial\u0103 cu randament ridicat \u00een lumea a treia \u00een anii 1940 p\u00e2n\u0103 \u00een anii 1970. Acum, aminti\u021bi-v\u0103 c\u0103 \u00een modulul 5 am spus c\u0103 \u201eLumea a treia\u201d este adesea un termen \u00eenvechit \u0219i inadecvat, deoarece se refer\u0103 la \u021b\u0103ri din afara blocurilor capitaliste \u0219i comuniste ale r\u0103zboiului rece. Aici, totu\u0219i, Lumea a Treia este termenul adecvat de utilizat, deoarece Revolu\u021bia Verde a f\u0103cut parte din R\u0103zboiul Rece. \u00centr-adev\u0103r, termenul Revolu\u021bie Verde a fost inventat \u00een contrast cu termenul Revolu\u021bie Ro\u0219ie, cea din urm\u0103 se refer\u0103 la revolu\u021bia c\u0103tre comunism. \u021a\u0103rile capitaliste, conduse de Statele Unite, au folosit Revolu\u021bia Verde ca mijloc de a face \u021b\u0103rile din Lumea a Treia s\u0103 sus\u021bin\u0103 mai mult capitalismul \u0219i mai pu\u021bin s\u0103 sprijine comunismul. (Dup\u0103 cum vom vedea mai t\u00e2rziu \u00een modul, Uniunea Sovietic\u0103 a f\u0103cut eforturi similare.) Pentru a fi sigur, a existat \u0219i o dorin\u021b\u0103 autentic\u0103 de a ajuta Lumea a treia s\u0103 se hr\u0103neasc\u0103. Dar ar trebui s\u0103 recunoa\u0219tem c\u0103 Revolu\u021bia Verde a avut motiva\u021bii egoiste \u0219i motiva\u021bii politice, precum \u0219i motiva\u021bii altruiste. Aceast\u0103 combina\u021bie de egoism \u0219i altruism se g\u0103se\u0219te \u00een mod repetat de-a lungul eforturilor globale de dezvoltare. Rezult\u0103 dintr-o perspectiv\u0103 holistic\u0103, sistemic\u0103 a dezvolt\u0103rii, care ia \u00een considerare toate consecin\u021bele eforturilor de dezvoltare.<\/p>\n<h2>Revolu\u021bia verde<\/h2>\n<p>Revolu\u021bia verde a avut ca rezultat adoptarea de noi practici \u0219i tehnologii agricole \u00eentr-o varietate de locuri de pe glob. Cele mai importante dintre aceste noi procese \u0219i tehnologii au fost soiurile de culturi cu randament ridicat nou dezvoltate, \u00eengr\u0103\u0219\u0103mintele chimice \u0219i mecanizarea.<\/p>\n<p>Revolu\u021bia Verde a avut un mare succes \u00een multe privin\u021be. Randamentele din \u021b\u0103ri precum India \u0219i Mexic au crescut dramatic, reduc\u00e2nd semnificativ problemele de securitate alimentar\u0103 din aceste \u021b\u0103ri. Mai mult, multe dintre \u021b\u0103ri au ajuns s\u0103 nu adere la blocul comunist, care a fost un alt obiectiv de baz\u0103 al Revolu\u021biei Verzi. Dar au existat \u0219i dezavantaje, a\u0219a cum ar fi de a\u0219teptat de la un program de acest complex. Meritele generale ale Revolu\u021biei Verzi r\u0103m\u00e2n dezb\u0103tute acerb\u0103 p\u00e2n\u0103 \u00een prezent.<\/p>\n<p>Dintre toate regiunile din lume, cea care are \u00een prezent cel mai pu\u021bin industrializat sistem agricol este Africa. Din o varietate de motive naturale \u0219i sociale, Revolu\u021bia Verde nu s-a impus \u00een Africa la fel de puternic ca \u00een alt\u0103 parte. Din acest motiv \u0219i pentru c\u0103 o mare parte din Africa continu\u0103 s\u0103 lupte cu securitatea alimentar\u0103, exist\u0103 eforturi continue pentru a aduce agricultura industrializat\u0103 \u00een Africa.<\/p>\n<h2>Monocultur\u0103<\/h2>\n<p>O preocupare exprimat\u0103 adesea cu privire la agricultura industrial\u0103, fie c\u0103 este vorba de Revolu\u021bia Verde sau nu, este c\u0103 <a href=\"\/agricultura-industriala\">agricultura<\/a> industrial\u0103 implic\u0103 \u00een general monocultur\u0103. Monocultura este agricultura \u00een care se cultiv\u0103 un singur tip de cultur\u0103. Are astfel o diversitate biologic\u0103 foarte sc\u0103zut\u0103. Monocultura este bine adaptat\u0103 agriculturii industriale, deoarece este mult mai u\u0219or s\u0103 folosi\u021bi utilaje agricole grele atunci c\u00e2nd utilajele pot fi personalizate pentru o singur\u0103 cultur\u0103. Sistemul monocultur\u0103-ma\u0219in\u0103 poate fi v\u0103zut \u00een aceast\u0103 imagine a unui peisaj agricol industrial:<\/p>\n","protected":false},"excerpt":{"rendered":"<p>P\u00e2n\u0103 \u00een prezent, ne-am concentrat pe laturile biologice \u0219i ecologice ale agriculturii industrializate. Acum, s\u0103 ne uit\u0103m la latura social\u0103 lu\u00e2nd \u00een considerare o parte important\u0103 a acesteia: [&hellip;]<\/p>\n","protected":false},"author":3,"featured_media":235,"parent":0,"menu_order":0,"comment_status":"closed","ping_status":"closed","template":"","meta":{"footnotes":""},"class_list":["post-230","page","type-page","status-publish","has-post-thumbnail","hentry"],"yoast_head":"<!-- This site is optimized with the Yoast SEO plugin v27.5 - https:\/\/yoast.com\/product\/yoast-seo-wordpress\/ -->\n<title>Revolu\u021bia verde - Eisberg Romania<\/title>\n<meta name=\"robots\" content=\"index, follow, max-snippet:-1, max-image-preview:large, max-video-preview:-1\" \/>\n<link rel=\"canonical\" href=\"https:\/\/eisberg-romania.ro\/?page_id=230\" \/>\n<meta property=\"og:locale\" content=\"ro_RO\" \/>\n<meta property=\"og:type\" content=\"article\" \/>\n<meta property=\"og:title\" content=\"Revolu\u021bia verde - Eisberg Romania\" \/>\n<meta property=\"og:description\" content=\"P\u00e2n\u0103 \u00een prezent, ne-am concentrat pe laturile biologice \u0219i ecologice ale agriculturii industrializate. Acum, s\u0103 ne uit\u0103m la latura social\u0103 lu\u00e2nd \u00een considerare o parte important\u0103 a acesteia: [&hellip;]\" \/>\n<meta property=\"og:url\" content=\"https:\/\/eisberg-romania.ro\/?page_id=230\" \/>\n<meta property=\"og:site_name\" content=\"Eisberg Romania\" \/>\n<meta property=\"article:modified_time\" content=\"2025-03-25T11:37:31+00:00\" \/>\n<meta property=\"og:image\" content=\"https:\/\/eisberg-romania.ro\/wp-content\/uploads\/2021\/07\/chad-stembridge-8FjF1p-aw0-unsplash-scaled-1.jpg\" \/>\n\t<meta property=\"og:image:width\" content=\"2560\" \/>\n\t<meta property=\"og:image:height\" content=\"1707\" \/>\n\t<meta property=\"og:image:type\" content=\"image\/jpeg\" \/>\n<meta name=\"twitter:card\" content=\"summary_large_image\" \/>\n<meta name=\"twitter:label1\" content=\"Timp estimat pentru citire\" \/>\n\t<meta name=\"twitter:data1\" content=\"3 minute\" \/>\n<script type=\"application\/ld+json\" class=\"yoast-schema-graph\">{\"@context\":\"https:\\\/\\\/schema.org\",\"@graph\":[{\"@type\":\"WebPage\",\"@id\":\"https:\\\/\\\/eisberg-romania.ro\\\/?page_id=230\",\"url\":\"https:\\\/\\\/eisberg-romania.ro\\\/?page_id=230\",\"name\":\"Revolu\u021bia verde - Eisberg Romania\",\"isPartOf\":{\"@id\":\"https:\\\/\\\/eisberg-romania.ro\\\/#website\"},\"primaryImageOfPage\":{\"@id\":\"https:\\\/\\\/eisberg-romania.ro\\\/?page_id=230#primaryimage\"},\"image\":{\"@id\":\"https:\\\/\\\/eisberg-romania.ro\\\/?page_id=230#primaryimage\"},\"thumbnailUrl\":\"https:\\\/\\\/eisberg-romania.ro\\\/wp-content\\\/uploads\\\/2021\\\/07\\\/chad-stembridge-8FjF1p-aw0-unsplash-scaled-1.jpg\",\"datePublished\":\"2021-07-15T15:31:57+00:00\",\"dateModified\":\"2025-03-25T11:37:31+00:00\",\"breadcrumb\":{\"@id\":\"https:\\\/\\\/eisberg-romania.ro\\\/?page_id=230#breadcrumb\"},\"inLanguage\":\"ro-RO\",\"potentialAction\":[{\"@type\":\"ReadAction\",\"target\":[\"https:\\\/\\\/eisberg-romania.ro\\\/?page_id=230\"]}]},{\"@type\":\"ImageObject\",\"inLanguage\":\"ro-RO\",\"@id\":\"https:\\\/\\\/eisberg-romania.ro\\\/?page_id=230#primaryimage\",\"url\":\"https:\\\/\\\/eisberg-romania.ro\\\/wp-content\\\/uploads\\\/2021\\\/07\\\/chad-stembridge-8FjF1p-aw0-unsplash-scaled-1.jpg\",\"contentUrl\":\"https:\\\/\\\/eisberg-romania.ro\\\/wp-content\\\/uploads\\\/2021\\\/07\\\/chad-stembridge-8FjF1p-aw0-unsplash-scaled-1.jpg\",\"width\":2560,\"height\":1707,\"caption\":\"eisberg-romania\"},{\"@type\":\"BreadcrumbList\",\"@id\":\"https:\\\/\\\/eisberg-romania.ro\\\/?page_id=230#breadcrumb\",\"itemListElement\":[{\"@type\":\"ListItem\",\"position\":1,\"name\":\"Home\",\"item\":\"https:\\\/\\\/eisberg-romania.ro\\\/\"},{\"@type\":\"ListItem\",\"position\":2,\"name\":\"Revolu\u021bia verde\"}]},{\"@type\":\"WebSite\",\"@id\":\"https:\\\/\\\/eisberg-romania.ro\\\/#website\",\"url\":\"https:\\\/\\\/eisberg-romania.ro\\\/\",\"name\":\"Eisberg Romania\",\"description\":\"Sfaturi pentru agricultura organic\u0103 \u0219i s\u0103n\u0103toas\u0103\",\"publisher\":{\"@id\":\"https:\\\/\\\/eisberg-romania.ro\\\/#organization\"},\"potentialAction\":[{\"@type\":\"SearchAction\",\"target\":{\"@type\":\"EntryPoint\",\"urlTemplate\":\"https:\\\/\\\/eisberg-romania.ro\\\/?s={search_term_string}\"},\"query-input\":{\"@type\":\"PropertyValueSpecification\",\"valueRequired\":true,\"valueName\":\"search_term_string\"}}],\"inLanguage\":\"ro-RO\"},{\"@type\":\"Organization\",\"@id\":\"https:\\\/\\\/eisberg-romania.ro\\\/#organization\",\"name\":\"Eisberg Romania\",\"url\":\"https:\\\/\\\/eisberg-romania.ro\\\/\",\"logo\":{\"@type\":\"ImageObject\",\"inLanguage\":\"ro-RO\",\"@id\":\"https:\\\/\\\/eisberg-romania.ro\\\/#\\\/schema\\\/logo\\\/image\\\/\",\"url\":\"https:\\\/\\\/eisberg-romania.ro\\\/wp-content\\\/uploads\\\/2025\\\/02\\\/cropped-eisberg-logo.png\",\"contentUrl\":\"https:\\\/\\\/eisberg-romania.ro\\\/wp-content\\\/uploads\\\/2025\\\/02\\\/cropped-eisberg-logo.png\",\"width\":200,\"height\":72,\"caption\":\"Eisberg Romania\"},\"image\":{\"@id\":\"https:\\\/\\\/eisberg-romania.ro\\\/#\\\/schema\\\/logo\\\/image\\\/\"}}]}<\/script>\n<!-- \/ Yoast SEO plugin. -->","yoast_head_json":{"title":"Revolu\u021bia verde - Eisberg Romania","robots":{"index":"index","follow":"follow","max-snippet":"max-snippet:-1","max-image-preview":"max-image-preview:large","max-video-preview":"max-video-preview:-1"},"canonical":"https:\/\/eisberg-romania.ro\/?page_id=230","og_locale":"ro_RO","og_type":"article","og_title":"Revolu\u021bia verde - Eisberg Romania","og_description":"P\u00e2n\u0103 \u00een prezent, ne-am concentrat pe laturile biologice \u0219i ecologice ale agriculturii industrializate. Acum, s\u0103 ne uit\u0103m la latura social\u0103 lu\u00e2nd \u00een considerare o parte important\u0103 a acesteia: [&hellip;]","og_url":"https:\/\/eisberg-romania.ro\/?page_id=230","og_site_name":"Eisberg Romania","article_modified_time":"2025-03-25T11:37:31+00:00","og_image":[{"width":2560,"height":1707,"url":"https:\/\/eisberg-romania.ro\/wp-content\/uploads\/2021\/07\/chad-stembridge-8FjF1p-aw0-unsplash-scaled-1.jpg","type":"image\/jpeg"}],"twitter_card":"summary_large_image","twitter_misc":{"Timp estimat pentru citire":"3 minute"},"schema":{"@context":"https:\/\/schema.org","@graph":[{"@type":"WebPage","@id":"https:\/\/eisberg-romania.ro\/?page_id=230","url":"https:\/\/eisberg-romania.ro\/?page_id=230","name":"Revolu\u021bia verde - Eisberg Romania","isPartOf":{"@id":"https:\/\/eisberg-romania.ro\/#website"},"primaryImageOfPage":{"@id":"https:\/\/eisberg-romania.ro\/?page_id=230#primaryimage"},"image":{"@id":"https:\/\/eisberg-romania.ro\/?page_id=230#primaryimage"},"thumbnailUrl":"https:\/\/eisberg-romania.ro\/wp-content\/uploads\/2021\/07\/chad-stembridge-8FjF1p-aw0-unsplash-scaled-1.jpg","datePublished":"2021-07-15T15:31:57+00:00","dateModified":"2025-03-25T11:37:31+00:00","breadcrumb":{"@id":"https:\/\/eisberg-romania.ro\/?page_id=230#breadcrumb"},"inLanguage":"ro-RO","potentialAction":[{"@type":"ReadAction","target":["https:\/\/eisberg-romania.ro\/?page_id=230"]}]},{"@type":"ImageObject","inLanguage":"ro-RO","@id":"https:\/\/eisberg-romania.ro\/?page_id=230#primaryimage","url":"https:\/\/eisberg-romania.ro\/wp-content\/uploads\/2021\/07\/chad-stembridge-8FjF1p-aw0-unsplash-scaled-1.jpg","contentUrl":"https:\/\/eisberg-romania.ro\/wp-content\/uploads\/2021\/07\/chad-stembridge-8FjF1p-aw0-unsplash-scaled-1.jpg","width":2560,"height":1707,"caption":"eisberg-romania"},{"@type":"BreadcrumbList","@id":"https:\/\/eisberg-romania.ro\/?page_id=230#breadcrumb","itemListElement":[{"@type":"ListItem","position":1,"name":"Home","item":"https:\/\/eisberg-romania.ro\/"},{"@type":"ListItem","position":2,"name":"Revolu\u021bia verde"}]},{"@type":"WebSite","@id":"https:\/\/eisberg-romania.ro\/#website","url":"https:\/\/eisberg-romania.ro\/","name":"Eisberg Romania","description":"Sfaturi pentru agricultura organic\u0103 \u0219i s\u0103n\u0103toas\u0103","publisher":{"@id":"https:\/\/eisberg-romania.ro\/#organization"},"potentialAction":[{"@type":"SearchAction","target":{"@type":"EntryPoint","urlTemplate":"https:\/\/eisberg-romania.ro\/?s={search_term_string}"},"query-input":{"@type":"PropertyValueSpecification","valueRequired":true,"valueName":"search_term_string"}}],"inLanguage":"ro-RO"},{"@type":"Organization","@id":"https:\/\/eisberg-romania.ro\/#organization","name":"Eisberg Romania","url":"https:\/\/eisberg-romania.ro\/","logo":{"@type":"ImageObject","inLanguage":"ro-RO","@id":"https:\/\/eisberg-romania.ro\/#\/schema\/logo\/image\/","url":"https:\/\/eisberg-romania.ro\/wp-content\/uploads\/2025\/02\/cropped-eisberg-logo.png","contentUrl":"https:\/\/eisberg-romania.ro\/wp-content\/uploads\/2025\/02\/cropped-eisberg-logo.png","width":200,"height":72,"caption":"Eisberg Romania"},"image":{"@id":"https:\/\/eisberg-romania.ro\/#\/schema\/logo\/image\/"}}]}},"_links":{"self":[{"href":"https:\/\/eisberg-romania.ro\/index.php?rest_route=\/wp\/v2\/pages\/230","targetHints":{"allow":["GET"]}}],"collection":[{"href":"https:\/\/eisberg-romania.ro\/index.php?rest_route=\/wp\/v2\/pages"}],"about":[{"href":"https:\/\/eisberg-romania.ro\/index.php?rest_route=\/wp\/v2\/types\/page"}],"author":[{"embeddable":true,"href":"https:\/\/eisberg-romania.ro\/index.php?rest_route=\/wp\/v2\/users\/3"}],"replies":[{"embeddable":true,"href":"https:\/\/eisberg-romania.ro\/index.php?rest_route=%2Fwp%2Fv2%2Fcomments&post=230"}],"version-history":[{"count":1,"href":"https:\/\/eisberg-romania.ro\/index.php?rest_route=\/wp\/v2\/pages\/230\/revisions"}],"predecessor-version":[{"id":315,"href":"https:\/\/eisberg-romania.ro\/index.php?rest_route=\/wp\/v2\/pages\/230\/revisions\/315"}],"wp:featuredmedia":[{"embeddable":true,"href":"https:\/\/eisberg-romania.ro\/index.php?rest_route=\/wp\/v2\/media\/235"}],"wp:attachment":[{"href":"https:\/\/eisberg-romania.ro\/index.php?rest_route=%2Fwp%2Fv2%2Fmedia&parent=230"}],"curies":[{"name":"wp","href":"https:\/\/api.w.org\/{rel}","templated":true}]}}