{"id":259,"date":"2021-10-12T14:48:23","date_gmt":"2021-10-12T14:48:23","guid":{"rendered":"https:\/\/wordpress-1406636-5228436.cloudwaysapps.com\/?page_id=259"},"modified":"2025-03-25T11:37:31","modified_gmt":"2025-03-25T11:37:31","slug":"ferma-organica","status":"publish","type":"page","link":"https:\/\/eisberg-romania.ro\/?page_id=259","title":{"rendered":"Ferm\u0103 organic\u0103"},"content":{"rendered":"<p>Este u\u0219or s\u0103 uit\u0103m c\u0103 \u00eenainte de a exista un program organic na\u021bional, \u00eenainte de a exista certificarea organic\u0103, \u00eenainte de a exista culturi modificate genetic \u0219i ferme industriale fabrici, erau fermieri &#8211; fermieri care cultivau alimente nutritive \u0219i cresceau carne s\u0103n\u0103toas\u0103, folosind practici <a href=\"\/pgs\">agricole<\/a> \u0219i de ferm\u0103 care a lucrat \u0219i a \u00eembun\u0103t\u0103\u021bit sistemele \u0219i ciclurile naturale ale P\u0103m\u00e2ntului.<\/p>\n<p>Programul Na\u021bional Organic al Departamentului Agriculturii din SUA (USDA) a evoluat din necesitatea de a defini \u201eorganic\u201d pentru a proteja ace\u0219ti fermieri buni pe o pia\u021b\u0103 care este preluat\u0103 din ce \u00een ce mai mult de produc\u0103torii industriali de alimente. Din p\u0103cate, de-a lungul anilor, lobbyi\u0219tii alimentari industriali \u0219i-au folosit influen\u021ba financiar\u0103 \u0219i politic\u0103 pentru a \u00eencerca din r\u0103sputeri s\u0103 sl\u0103beasc\u0103 standardele organice.<\/p>\n<h2>Avantajele agriculturii ecologice<\/h2>\n<p>Economice: \u00een agricultura ecologic\u0103, nu sunt necesare \u00eengr\u0103\u0219\u0103minte scumpe, pesticide sau semin\u021be HYV pentru plantarea culturilor. Prin urmare, nu exist\u0103 cheltuieli suplimentare.<\/p>\n<p>Rentabilitate bun\u0103 a investi\u021biei: cu utilizarea unor intr\u0103ri mai ieftine \u0219i locale, un fermier poate ob\u021bine o rentabilitate bun\u0103 a investi\u021biei.<\/p>\n<p>Cerere mare: exist\u0103 o cerere uria\u0219\u0103 de produse ecologice \u00een India \u0219i \u00een \u00eentreaga lume, ceea ce genereaz\u0103 mai multe venituri prin export.<\/p>\n<p>Nutritiv: \u00een compara\u021bie cu produsele chimice \u0219i folosite \u00eengr\u0103\u0219\u0103minte, produsele organice sunt mai nutri\u021bionale, mai gustoase \u0219i mai bune pentru s\u0103n\u0103tate.<\/p>\n<p>Ecologic: Agricultura produselor organice nu con\u021bine substan\u021be chimice \u0219i \u00eengr\u0103\u0219\u0103minte, deci nu d\u0103uneaz\u0103 mediului.<\/p>\n<h2>Dezavantaje ale agriculturii ecologice<\/h2>\n<p>Incompetent: Problema major\u0103 a <a href=\"\/beneficii-ale-agriculturii-ecologice\">agriculturii<\/a> ecologice este lipsa unei infrastructuri inadecvate \u0219i a comercializ\u0103rii produsului.<\/p>\n<p>Produc\u021bie mai mic\u0103: Produsele ob\u021binute prin agricultura ecologic\u0103 sunt mai mici \u00een anii ini\u021biali \u00een compara\u021bie cu produsele chimice. Deci, fermierilor le este greu s\u0103 acomodeze produc\u021bia pe scar\u0103 larg\u0103.<\/p>\n<p>Termen de valabilitate mai scurt: produsele organice au mai multe defecte \u0219i o perioad\u0103 de valabilitate mai scurt\u0103 dec\u00e2t cea a produselor chimice.<\/p>\n<p>Produc\u021bie limitat\u0103: culturile din afara sezonului sunt limitate \u0219i au mai pu\u021bine op\u021biuni \u00een agricultura ecologic\u0103.<\/p>\n<p>Agricultura ecologic\u0103 \u00ee\u0219i propune s\u0103 produc\u0103 produse de calitate superioar\u0103, cu valoare nutritiv\u0103 ridicat\u0103 \u0219i f\u0103r\u0103 substan\u021be chimice, cu scopul unei s\u0103n\u0103t\u0103\u021bi bune. Acesta \u00ee\u0219i propune s\u0103 creeze un sistem durabil care s\u0103 conserve energia, solul \u0219i apa; asigur\u00e2nd \u00een acela\u0219i timp \u00eentre\u021binerea general\u0103 a mediului.<\/p>\n<p>Potrivit unui raport al Organics Aotearoa Noua Zeeland\u0103, sectorul organic local a crescut cu 30% \u00eentre 2015 \u0219i 2018 pentru a valora peste 600 de milioane de dolari pe an. Exporturile organice au crescut, de asemenea, cu 42%: lactatele, carnea \u0219i l\u00e2na au avut cel mai semnificativ salt, urmate de fructe \u0219i legume \u0219i vin. \u0218i 80% dintre consumatorii din Noua Zeeland\u0103 cump\u0103rau produse ecologice cel pu\u021bin o dat\u0103 la dou\u0103 s\u0103pt\u0103m\u00e2ni. Se a\u0219teapt\u0103 ca acest num\u0103r s\u0103 creasc\u0103 \u00een continuare.<\/p>\n<p>A \u00een\u021belege mai multe despre sectorul \u00een sine ajut\u0103 s\u0103 \u0219tim care este for\u021ba motrice din spatele acestuia. De\u0219i nu utilizeaz\u0103 pesticide \u0219i erbicide, hormonii de cre\u0219tere \u0219i antibioticele joac\u0103 un rol major \u00een produc\u021bia organic\u0103, agricultura organic\u0103 este mult mai detaliat\u0103.<\/p>\n<p>Ca atare, toate metodele de produc\u021bie ecologic\u0103 din \u00eentreaga lume se bazeaz\u0103 pe patru principii: s\u0103n\u0103tate, echilibru, corectitudine \u0219i \u00eengrijire. Aceste principii ofer\u0103 o viziune pentru agricultur\u0103 care inspir\u0103 cultivarea \u0219i produc\u021bia ecologice.<\/p>\n","protected":false},"excerpt":{"rendered":"<p>Este u\u0219or s\u0103 uit\u0103m c\u0103 \u00eenainte de a exista un program organic na\u021bional, \u00eenainte de a exista certificarea organic\u0103, \u00eenainte de a exista culturi modificate genetic \u0219i ferme [&hellip;]<\/p>\n","protected":false},"author":3,"featured_media":153,"parent":0,"menu_order":0,"comment_status":"closed","ping_status":"closed","template":"","meta":{"footnotes":""},"class_list":["post-259","page","type-page","status-publish","has-post-thumbnail","hentry"],"yoast_head":"<!-- This site is optimized with the Yoast SEO plugin v27.5 - https:\/\/yoast.com\/product\/yoast-seo-wordpress\/ -->\n<title>Ferm\u0103 organic\u0103 - Eisberg Romania<\/title>\n<meta name=\"robots\" content=\"index, follow, max-snippet:-1, max-image-preview:large, max-video-preview:-1\" \/>\n<link rel=\"canonical\" href=\"https:\/\/eisberg-romania.ro\/?page_id=259\" \/>\n<meta property=\"og:locale\" content=\"ro_RO\" \/>\n<meta property=\"og:type\" content=\"article\" \/>\n<meta property=\"og:title\" content=\"Ferm\u0103 organic\u0103 - Eisberg Romania\" \/>\n<meta property=\"og:description\" content=\"Este u\u0219or s\u0103 uit\u0103m c\u0103 \u00eenainte de a exista un program organic na\u021bional, \u00eenainte de a exista certificarea organic\u0103, \u00eenainte de a exista culturi modificate genetic \u0219i ferme [&hellip;]\" \/>\n<meta property=\"og:url\" content=\"https:\/\/eisberg-romania.ro\/?page_id=259\" \/>\n<meta property=\"og:site_name\" content=\"Eisberg Romania\" \/>\n<meta property=\"article:modified_time\" content=\"2025-03-25T11:37:31+00:00\" \/>\n<meta property=\"og:image\" content=\"https:\/\/eisberg-romania.ro\/wp-content\/uploads\/2020\/12\/farsai-chaikulngamdee-IdrzXJQlw5w-unsplash-scaled-1.jpg\" \/>\n\t<meta property=\"og:image:width\" content=\"2560\" \/>\n\t<meta property=\"og:image:height\" content=\"1707\" \/>\n\t<meta property=\"og:image:type\" content=\"image\/jpeg\" \/>\n<meta name=\"twitter:card\" content=\"summary_large_image\" \/>\n<meta name=\"twitter:label1\" content=\"Timp estimat pentru citire\" \/>\n\t<meta name=\"twitter:data1\" content=\"3 minute\" \/>\n<script type=\"application\/ld+json\" class=\"yoast-schema-graph\">{\"@context\":\"https:\\\/\\\/schema.org\",\"@graph\":[{\"@type\":\"WebPage\",\"@id\":\"https:\\\/\\\/eisberg-romania.ro\\\/?page_id=259\",\"url\":\"https:\\\/\\\/eisberg-romania.ro\\\/?page_id=259\",\"name\":\"Ferm\u0103 organic\u0103 - Eisberg Romania\",\"isPartOf\":{\"@id\":\"https:\\\/\\\/eisberg-romania.ro\\\/#website\"},\"primaryImageOfPage\":{\"@id\":\"https:\\\/\\\/eisberg-romania.ro\\\/?page_id=259#primaryimage\"},\"image\":{\"@id\":\"https:\\\/\\\/eisberg-romania.ro\\\/?page_id=259#primaryimage\"},\"thumbnailUrl\":\"https:\\\/\\\/eisberg-romania.ro\\\/wp-content\\\/uploads\\\/2020\\\/12\\\/farsai-chaikulngamdee-IdrzXJQlw5w-unsplash-scaled-1.jpg\",\"datePublished\":\"2021-10-12T14:48:23+00:00\",\"dateModified\":\"2025-03-25T11:37:31+00:00\",\"breadcrumb\":{\"@id\":\"https:\\\/\\\/eisberg-romania.ro\\\/?page_id=259#breadcrumb\"},\"inLanguage\":\"ro-RO\",\"potentialAction\":[{\"@type\":\"ReadAction\",\"target\":[\"https:\\\/\\\/eisberg-romania.ro\\\/?page_id=259\"]}]},{\"@type\":\"ImageObject\",\"inLanguage\":\"ro-RO\",\"@id\":\"https:\\\/\\\/eisberg-romania.ro\\\/?page_id=259#primaryimage\",\"url\":\"https:\\\/\\\/eisberg-romania.ro\\\/wp-content\\\/uploads\\\/2020\\\/12\\\/farsai-chaikulngamdee-IdrzXJQlw5w-unsplash-scaled-1.jpg\",\"contentUrl\":\"https:\\\/\\\/eisberg-romania.ro\\\/wp-content\\\/uploads\\\/2020\\\/12\\\/farsai-chaikulngamdee-IdrzXJQlw5w-unsplash-scaled-1.jpg\",\"width\":2560,\"height\":1707,\"caption\":\"eisberg-romania\"},{\"@type\":\"BreadcrumbList\",\"@id\":\"https:\\\/\\\/eisberg-romania.ro\\\/?page_id=259#breadcrumb\",\"itemListElement\":[{\"@type\":\"ListItem\",\"position\":1,\"name\":\"Home\",\"item\":\"https:\\\/\\\/eisberg-romania.ro\\\/\"},{\"@type\":\"ListItem\",\"position\":2,\"name\":\"Ferm\u0103 organic\u0103\"}]},{\"@type\":\"WebSite\",\"@id\":\"https:\\\/\\\/eisberg-romania.ro\\\/#website\",\"url\":\"https:\\\/\\\/eisberg-romania.ro\\\/\",\"name\":\"Eisberg Romania\",\"description\":\"Sfaturi pentru agricultura organic\u0103 \u0219i s\u0103n\u0103toas\u0103\",\"publisher\":{\"@id\":\"https:\\\/\\\/eisberg-romania.ro\\\/#organization\"},\"potentialAction\":[{\"@type\":\"SearchAction\",\"target\":{\"@type\":\"EntryPoint\",\"urlTemplate\":\"https:\\\/\\\/eisberg-romania.ro\\\/?s={search_term_string}\"},\"query-input\":{\"@type\":\"PropertyValueSpecification\",\"valueRequired\":true,\"valueName\":\"search_term_string\"}}],\"inLanguage\":\"ro-RO\"},{\"@type\":\"Organization\",\"@id\":\"https:\\\/\\\/eisberg-romania.ro\\\/#organization\",\"name\":\"Eisberg Romania\",\"url\":\"https:\\\/\\\/eisberg-romania.ro\\\/\",\"logo\":{\"@type\":\"ImageObject\",\"inLanguage\":\"ro-RO\",\"@id\":\"https:\\\/\\\/eisberg-romania.ro\\\/#\\\/schema\\\/logo\\\/image\\\/\",\"url\":\"https:\\\/\\\/eisberg-romania.ro\\\/wp-content\\\/uploads\\\/2025\\\/02\\\/cropped-eisberg-logo.png\",\"contentUrl\":\"https:\\\/\\\/eisberg-romania.ro\\\/wp-content\\\/uploads\\\/2025\\\/02\\\/cropped-eisberg-logo.png\",\"width\":200,\"height\":72,\"caption\":\"Eisberg Romania\"},\"image\":{\"@id\":\"https:\\\/\\\/eisberg-romania.ro\\\/#\\\/schema\\\/logo\\\/image\\\/\"}}]}<\/script>\n<!-- \/ Yoast SEO plugin. -->","yoast_head_json":{"title":"Ferm\u0103 organic\u0103 - Eisberg Romania","robots":{"index":"index","follow":"follow","max-snippet":"max-snippet:-1","max-image-preview":"max-image-preview:large","max-video-preview":"max-video-preview:-1"},"canonical":"https:\/\/eisberg-romania.ro\/?page_id=259","og_locale":"ro_RO","og_type":"article","og_title":"Ferm\u0103 organic\u0103 - Eisberg Romania","og_description":"Este u\u0219or s\u0103 uit\u0103m c\u0103 \u00eenainte de a exista un program organic na\u021bional, \u00eenainte de a exista certificarea organic\u0103, \u00eenainte de a exista culturi modificate genetic \u0219i ferme [&hellip;]","og_url":"https:\/\/eisberg-romania.ro\/?page_id=259","og_site_name":"Eisberg Romania","article_modified_time":"2025-03-25T11:37:31+00:00","og_image":[{"width":2560,"height":1707,"url":"https:\/\/eisberg-romania.ro\/wp-content\/uploads\/2020\/12\/farsai-chaikulngamdee-IdrzXJQlw5w-unsplash-scaled-1.jpg","type":"image\/jpeg"}],"twitter_card":"summary_large_image","twitter_misc":{"Timp estimat pentru citire":"3 minute"},"schema":{"@context":"https:\/\/schema.org","@graph":[{"@type":"WebPage","@id":"https:\/\/eisberg-romania.ro\/?page_id=259","url":"https:\/\/eisberg-romania.ro\/?page_id=259","name":"Ferm\u0103 organic\u0103 - Eisberg Romania","isPartOf":{"@id":"https:\/\/eisberg-romania.ro\/#website"},"primaryImageOfPage":{"@id":"https:\/\/eisberg-romania.ro\/?page_id=259#primaryimage"},"image":{"@id":"https:\/\/eisberg-romania.ro\/?page_id=259#primaryimage"},"thumbnailUrl":"https:\/\/eisberg-romania.ro\/wp-content\/uploads\/2020\/12\/farsai-chaikulngamdee-IdrzXJQlw5w-unsplash-scaled-1.jpg","datePublished":"2021-10-12T14:48:23+00:00","dateModified":"2025-03-25T11:37:31+00:00","breadcrumb":{"@id":"https:\/\/eisberg-romania.ro\/?page_id=259#breadcrumb"},"inLanguage":"ro-RO","potentialAction":[{"@type":"ReadAction","target":["https:\/\/eisberg-romania.ro\/?page_id=259"]}]},{"@type":"ImageObject","inLanguage":"ro-RO","@id":"https:\/\/eisberg-romania.ro\/?page_id=259#primaryimage","url":"https:\/\/eisberg-romania.ro\/wp-content\/uploads\/2020\/12\/farsai-chaikulngamdee-IdrzXJQlw5w-unsplash-scaled-1.jpg","contentUrl":"https:\/\/eisberg-romania.ro\/wp-content\/uploads\/2020\/12\/farsai-chaikulngamdee-IdrzXJQlw5w-unsplash-scaled-1.jpg","width":2560,"height":1707,"caption":"eisberg-romania"},{"@type":"BreadcrumbList","@id":"https:\/\/eisberg-romania.ro\/?page_id=259#breadcrumb","itemListElement":[{"@type":"ListItem","position":1,"name":"Home","item":"https:\/\/eisberg-romania.ro\/"},{"@type":"ListItem","position":2,"name":"Ferm\u0103 organic\u0103"}]},{"@type":"WebSite","@id":"https:\/\/eisberg-romania.ro\/#website","url":"https:\/\/eisberg-romania.ro\/","name":"Eisberg Romania","description":"Sfaturi pentru agricultura organic\u0103 \u0219i s\u0103n\u0103toas\u0103","publisher":{"@id":"https:\/\/eisberg-romania.ro\/#organization"},"potentialAction":[{"@type":"SearchAction","target":{"@type":"EntryPoint","urlTemplate":"https:\/\/eisberg-romania.ro\/?s={search_term_string}"},"query-input":{"@type":"PropertyValueSpecification","valueRequired":true,"valueName":"search_term_string"}}],"inLanguage":"ro-RO"},{"@type":"Organization","@id":"https:\/\/eisberg-romania.ro\/#organization","name":"Eisberg Romania","url":"https:\/\/eisberg-romania.ro\/","logo":{"@type":"ImageObject","inLanguage":"ro-RO","@id":"https:\/\/eisberg-romania.ro\/#\/schema\/logo\/image\/","url":"https:\/\/eisberg-romania.ro\/wp-content\/uploads\/2025\/02\/cropped-eisberg-logo.png","contentUrl":"https:\/\/eisberg-romania.ro\/wp-content\/uploads\/2025\/02\/cropped-eisberg-logo.png","width":200,"height":72,"caption":"Eisberg Romania"},"image":{"@id":"https:\/\/eisberg-romania.ro\/#\/schema\/logo\/image\/"}}]}},"_links":{"self":[{"href":"https:\/\/eisberg-romania.ro\/index.php?rest_route=\/wp\/v2\/pages\/259","targetHints":{"allow":["GET"]}}],"collection":[{"href":"https:\/\/eisberg-romania.ro\/index.php?rest_route=\/wp\/v2\/pages"}],"about":[{"href":"https:\/\/eisberg-romania.ro\/index.php?rest_route=\/wp\/v2\/types\/page"}],"author":[{"embeddable":true,"href":"https:\/\/eisberg-romania.ro\/index.php?rest_route=\/wp\/v2\/users\/3"}],"replies":[{"embeddable":true,"href":"https:\/\/eisberg-romania.ro\/index.php?rest_route=%2Fwp%2Fv2%2Fcomments&post=259"}],"version-history":[{"count":1,"href":"https:\/\/eisberg-romania.ro\/index.php?rest_route=\/wp\/v2\/pages\/259\/revisions"}],"predecessor-version":[{"id":316,"href":"https:\/\/eisberg-romania.ro\/index.php?rest_route=\/wp\/v2\/pages\/259\/revisions\/316"}],"wp:featuredmedia":[{"embeddable":true,"href":"https:\/\/eisberg-romania.ro\/index.php?rest_route=\/wp\/v2\/media\/153"}],"wp:attachment":[{"href":"https:\/\/eisberg-romania.ro\/index.php?rest_route=%2Fwp%2Fv2%2Fmedia&parent=259"}],"curies":[{"name":"wp","href":"https:\/\/api.w.org\/{rel}","templated":true}]}}